{"id":6058,"date":"2021-12-09T11:13:23","date_gmt":"2021-12-09T10:13:23","guid":{"rendered":"https:\/\/www.tour-sa.com\/certificado-iso-14001\/"},"modified":"2022-01-03T11:44:56","modified_gmt":"2022-01-03T10:44:56","slug":"certificat-iso-14001","status":"publish","type":"page","link":"https:\/\/www.tour-sa.com\/ca\/certificat-iso-14001\/","title":{"rendered":"Certificat ISO 14001"},"content":{"rendered":"<p>[et_pb_section fb_built=&#8221;1&#8243; fullwidth=&#8221;on&#8221; admin_label=&#8221;Hero&#8221; _builder_version=&#8221;4.5.2&#8243; background_image=&#8221;https:\/\/www.tour-sa.com\/wp-content\/uploads\/2021\/12\/logistica-inversa-barcelona.jpg&#8221; parallax=&#8221;on&#8221;][et_pb_fullwidth_header title=&#8221;Certificat ISO 14001&#8243; button_one_text=&#8221;Contacte amb nosaltres&#8221; button_one_url=&#8221;https:\/\/www.tour-sa.com\/ca\/contacte\/&#8221; content_max_width=&#8221;700px&#8221; _builder_version=&#8221;4.5.2&#8243; title_font=&#8221;|700|||||||&#8221; title_font_size=&#8221;60px&#8221; title_line_height=&#8221;1.5em&#8221; content_font=&#8221;||||||||&#8221; content_font_size=&#8221;20px&#8221; content_line_height=&#8221;1.8em&#8221; subhead_font=&#8221;Lato|700|||||||&#8221; subhead_font_size=&#8221;30px&#8221; subhead_line_height=&#8221;1.8em&#8221; background_color=&#8221;rgba(0,0,0,0)&#8221; use_background_color_gradient=&#8221;on&#8221; background_color_gradient_start=&#8221;rgba(53,80,160,0.27)&#8221; background_color_gradient_end=&#8221;#3550a0&#8243; background_color_gradient_direction=&#8221;220deg&#8221; background_color_gradient_overlays_image=&#8221;on&#8221; custom_button_one=&#8221;on&#8221; button_one_text_size=&#8221;16px&#8221; button_one_text_color=&#8221;#3550a0&#8243; button_one_bg_color=&#8221;#ffffff&#8221; button_one_border_width=&#8221;10px&#8221; button_one_border_color=&#8221;rgba(210,159,104,0)&#8221; button_one_border_radius=&#8221;100px&#8221; button_one_font=&#8221;Lato|900|||||||&#8221; button_one_use_icon=&#8221;off&#8221; custom_button_two=&#8221;on&#8221; button_two_text_size=&#8221;16px&#8221; button_two_text_color=&#8221;#ffffff&#8221; button_two_bg_color=&#8221;rgba(255,255,255,0.15)&#8221; button_two_border_width=&#8221;10px&#8221; button_two_border_color=&#8221;rgba(210,159,104,0)&#8221; button_two_border_radius=&#8221;100px&#8221; button_two_font=&#8221;Lato|900|||||||&#8221; button_two_use_icon=&#8221;off&#8221; custom_margin=&#8221;|||&#8221; custom_padding=&#8221;5vw||5vw||true|false&#8221; custom_padding_tablet=&#8221;20vw||20vw||true&#8221; custom_padding_phone=&#8221;20vw||20vw||true&#8221; custom_padding_last_edited=&#8221;on|desktop&#8221; hover_enabled=&#8221;0&#8243; title_font_size_tablet=&#8221;50px&#8221; title_font_size_phone=&#8221;32px&#8221; title_font_size_last_edited=&#8221;on|tablet&#8221; button_one_text_color_hover=&#8221;#3550a0&#8243; button_two_text_color_hover=&#8221;#ffffff&#8221; button_one_bg_color_hover=&#8221;rgba(255,255,255,0.8)&#8221; button_two_bg_color_hover=&#8221;rgba(255,255,255,0.3)&#8221; button_one_text_size__hover_enabled=&#8221;off&#8221; button_two_text_size__hover_enabled=&#8221;off&#8221; button_one_text_color__hover_enabled=&#8221;on&#8221; button_one_text_color__hover=&#8221;#3550a0&#8243; button_two_text_color__hover_enabled=&#8221;on&#8221; button_two_text_color__hover=&#8221;#ffffff&#8221; button_one_border_width__hover_enabled=&#8221;off&#8221; button_two_border_width__hover_enabled=&#8221;off&#8221; button_one_border_color__hover_enabled=&#8221;off&#8221; button_two_border_color__hover_enabled=&#8221;off&#8221; button_one_border_radius__hover_enabled=&#8221;off&#8221; button_two_border_radius__hover_enabled=&#8221;off&#8221; button_one_letter_spacing__hover_enabled=&#8221;off&#8221; button_two_letter_spacing__hover_enabled=&#8221;off&#8221; button_one_bg_color__hover_enabled=&#8221;on&#8221; button_one_bg_color__hover=&#8221;rgba(255,255,255,0.8)&#8221; button_two_bg_color__hover_enabled=&#8221;on&#8221; button_two_bg_color__hover=&#8221;rgba(255,255,255,0.3)&#8221;][\/et_pb_fullwidth_header][\/et_pb_section][et_pb_section fb_built=&#8221;1&#8243; admin_label=&#8221;Secci\u00f3n&#8221; _builder_version=&#8221;3.22&#8243;][et_pb_row admin_label=&#8221;Fila&#8221; _builder_version=&#8221;3.25&#8243; background_size=&#8221;initial&#8221; background_position=&#8221;top_left&#8221; background_repeat=&#8221;repeat&#8221;][et_pb_column type=&#8221;4_4&#8243; _builder_version=&#8221;3.25&#8243; custom_padding=&#8221;|||&#8221; custom_padding__hover=&#8221;|||&#8221;][et_pb_text admin_label=&#8221;H1&#8243; _builder_version=&#8221;4.5.2&#8243; header_2_font_size=&#8221;30px&#8221; background_size=&#8221;initial&#8221; background_position=&#8221;top_left&#8221; background_repeat=&#8221;repeat&#8221; text_orientation=&#8221;center&#8221; module_alignment=&#8221;center&#8221; custom_margin_tablet=&#8221;&#8221; custom_margin_phone=&#8221;15px||||false|false&#8221; custom_margin_last_edited=&#8221;on|phone&#8221; hover_enabled=&#8221;0&#8243; use_border_color=&#8221;off&#8221; border_color=&#8221;#ffffff&#8221; border_style=&#8221;solid&#8221;]<\/p>\n<h2>Certificat ISO 14001: Qu\u00e8 \u00e9s i per a qu\u00e8 serveix?<\/h2>\n<p>[\/et_pb_text][\/et_pb_column][\/et_pb_row][et_pb_row admin_label=&#8221;Fila&#8221; _builder_version=&#8221;4.0.9&#8243; background_size=&#8221;initial&#8221; background_position=&#8221;top_left&#8221; background_repeat=&#8221;repeat&#8221;][et_pb_column type=&#8221;4_4&#8243; _builder_version=&#8221;3.25&#8243; custom_padding=&#8221;|||&#8221; custom_padding__hover=&#8221;|||&#8221;][et_pb_text admin_label=&#8221;Texto&#8221; _builder_version=&#8221;4.5.2&#8243; background_size=&#8221;initial&#8221; background_position=&#8221;top_left&#8221; background_repeat=&#8221;repeat&#8221; hover_enabled=&#8221;0&#8243; use_border_color=&#8221;off&#8221; border_color=&#8221;#ffffff&#8221; border_style=&#8221;solid&#8221;]<\/p>\n<p><span>La Norma Internacional de Qualitat Mediambiental UNE-EN-ISO 14001 serveix per auditar el nostre Sistema de Gesti\u00f3 Ambiental (<\/span><span class=\"hiddenSpellError\" onkeypress=\"MORFOLOGIK_RULE_CA_ES---#---undefined---#---Possible error ortogr\u00e0fic.---#---SUMA#SIMA#SAMA#SIGMA#SOMA#SUM\u00c0#GSMA#SEMA#SEM\u00c0---#---SGMA\">SGMA<\/span><span>).<\/span><\/p>\n<p><span>En altres paraules, un\u00a0<\/span><span class=\"hiddenSpellError\" onkeypress=\"MORFOLOGIK_RULE_CA_ES---#---undefined---#---Possible error ortogr\u00e0fic.---#---SUMA#SIMA#SAMA#SIGMA#SOMA#SUM\u00c0#GSMA#SEMA#SEM\u00c0---#---SGMA\">SGMA<\/span><span>\u00a0constitueix la part espec\u00edfica de gesti\u00f3 global d\u00b4una entitat<\/span><span>\u00a0o empresa. Aix\u00f2 inclou l&#8217;estructura organitzativa, la planificaci\u00f3 d&#8217;activitats, les diferents responsabilitats, moltes de les nostres pr\u00e0ctiques, procediments i recursos, amb l&#8217;objectiu de desenvolupar, dur a terme, revisar i mantenir al dia la Pol\u00edtica Mediambiental de la nostra empresa Tour SA.<\/span><\/p>\n<p>[\/et_pb_text][\/et_pb_column][\/et_pb_row][\/et_pb_section][et_pb_section fb_built=&#8221;1&#8243; custom_padding_last_edited=&#8221;on|desktop&#8221; admin_label=&#8221;Secci\u00f3n&#8221; _builder_version=&#8221;4.5.2&#8243; background_color=&#8221;#ffffff&#8221; custom_padding=&#8221;0px||100px||false|false&#8221; custom_padding_tablet=&#8221;50px|0|50px|0&#8243; custom_padding_phone=&#8221;&#8221; transparent_background=&#8221;off&#8221; make_fullwidth=&#8221;off&#8221; use_custom_width=&#8221;off&#8221; width_unit=&#8221;on&#8221;][et_pb_row admin_label=&#8221;Fila&#8221; _builder_version=&#8221;4.5.2&#8243; background_size=&#8221;initial&#8221; background_position=&#8221;top_left&#8221; background_repeat=&#8221;repeat&#8221;][et_pb_column type=&#8221;4_4&#8243; _builder_version=&#8221;3.25&#8243; custom_padding=&#8221;|||&#8221; custom_padding__hover=&#8221;|||&#8221;][et_pb_text admin_label=&#8221;H2+texto&#8221; _builder_version=&#8221;4.5.2&#8243; header_2_font_size=&#8221;25px&#8221; header_3_font_size=&#8221;20px&#8221; background_size=&#8221;initial&#8221; background_position=&#8221;top_left&#8221; background_repeat=&#8221;repeat&#8221; hover_enabled=&#8221;0&#8243; use_border_color=&#8221;off&#8221; border_color=&#8221;#ffffff&#8221; border_style=&#8221;solid&#8221;]<\/p>\n<h2>El Certificat ISO 14001, EMAS (Sistemes de Gesti\u00f3 Mediambiental)<\/h2>\n<p>&nbsp;<\/p>\n<h3>Qu\u00e8 suposa per a la nostra entitat?<\/h3>\n<p><span style=\"font-weight: 400;\">Hem de saber que estar certificats amb la Norma ISO 14001, contribueix directament a obtenir confian\u00e7a a les parts interessades, com s\u00f3n: les administracions, els inversors, els clients o b\u00e9 les companyies d&#8217;assegurances, entre d&#8217;altres. Aquesta confian\u00e7a est\u00e0 enfocada a fer que tots aquests grups vegin que l&#8217;empresa t\u00e9 un bon comportament mediambiental.<\/span><\/p>\n<p><span style=\"font-weight: 400;\">Es necesario para nuestra entidad que mostremos nuestro compromiso mediante las normas que est\u00e1n reconocidas a nivel internacional, como lo es la Norma ISO 14001 o Reglamento Europeo de Auditor\u00eda y Gesti\u00f3n Medioambiental.<\/span><\/p>\n<p><span style=\"font-weight: 400;\">\u00a0<\/span><\/p>\n<h3>De qu\u00e8 ens permet disposar un certificat ISO 14001?<\/h3>\n<p><span style=\"font-weight: 400;\">Obtenir aquest certificat ens d\u00f3na una s\u00e8rie d&#8217;avantatges, perfectes per millorar la nostra empresa. Aquestes s\u00f3n:<\/span><\/p>\n<ul>\n<li style=\"font-weight: 400;\" aria-level=\"1\"><span style=\"font-weight: 400;\">Poder demostrar als organismes reguladors i governs el comprom\u00eds que tenim d\u00b4assolir el compliment de les lleis i les normes.<\/span><\/li>\n<li style=\"font-weight: 400;\" aria-level=\"1\"><span style=\"font-weight: 400;\">La possibilitat de demostrar el comprom\u00eds mediambiental als grups d\u2019inter\u00e8s, especialment als organismes p\u00fablics i als nostres clients.<\/span><\/li>\n<li style=\"font-weight: 400;\" aria-level=\"1\"><span style=\"font-weight: 400;\">Demostrem als clients i empleats potencials el nostre enfocament innovador i que s&#8217;adequa als temps actuals.<\/span><\/li>\n<li style=\"font-weight: 400;\" aria-level=\"1\"><span style=\"font-weight: 400;\">Podem augmentar l&#8217;acc\u00e9s a clients nous i evidentment als socis comercials.<\/span><\/li>\n<li style=\"font-weight: 400;\" aria-level=\"1\"><span style=\"font-weight: 400;\">Millorem la nostra gesti\u00f3 dels riscos mediambientals, tant en el present com en el futur.<\/span><\/li>\n<li style=\"font-weight: 400;\" aria-level=\"1\"><span style=\"font-weight: 400;\">Possibilitar la reducci\u00f3 significativa dels costos de les assegurances de responsabilitat civil.<\/span><\/li>\n<li style=\"font-weight: 400;\" aria-level=\"1\"><span style=\"font-weight: 400;\">Per \u00faltim i relacionat amb tots els punts anteriors: Millorem notablement la nostra reputaci\u00f3 exterior.<\/span><\/li>\n<\/ul>\n<p><span style=\"font-weight: 400;\">La Norma ISO 14001 \u00e9s una eina \u00fatil i necess\u00e0ria per millorar la nostra entitat en tots els aspectes.<\/span>[\/et_pb_text][\/et_pb_column][\/et_pb_row][\/et_pb_section]<\/p>\n","protected":false},"excerpt":{"rendered":"<p>[et_pb_section fb_built=&#8221;1&#8243; fullwidth=&#8221;on&#8221; admin_label=&#8221;Hero&#8221; _builder_version=&#8221;4.5.2&#8243; background_image=&#8221;https:\/\/www.tour-sa.com\/wp-content\/uploads\/2021\/12\/logistica-inversa-barcelona.jpg&#8221; parallax=&#8221;on&#8221;][et_pb_fullwidth_header title=&#8221;Certificat ISO 14001&#8243; button_one_text=&#8221;Contacte amb nosaltres&#8221; button_one_url=&#8221;https:\/\/www.tour-sa.com\/ca\/contacte\/&#8221; content_max_width=&#8221;700px&#8221; _builder_version=&#8221;4.5.2&#8243; title_font=&#8221;|700|||||||&#8221; title_font_size=&#8221;60px&#8221; title_line_height=&#8221;1.5em&#8221; content_font=&#8221;||||||||&#8221; content_font_size=&#8221;20px&#8221; content_line_height=&#8221;1.8em&#8221; subhead_font=&#8221;Lato|700|||||||&#8221; subhead_font_size=&#8221;30px&#8221; subhead_line_height=&#8221;1.8em&#8221; background_color=&#8221;rgba(0,0,0,0)&#8221; use_background_color_gradient=&#8221;on&#8221; background_color_gradient_start=&#8221;rgba(53,80,160,0.27)&#8221; background_color_gradient_end=&#8221;#3550a0&#8243; background_color_gradient_direction=&#8221;220deg&#8221; background_color_gradient_overlays_image=&#8221;on&#8221; custom_button_one=&#8221;on&#8221; button_one_text_size=&#8221;16px&#8221; button_one_text_color=&#8221;#3550a0&#8243; button_one_bg_color=&#8221;#ffffff&#8221; button_one_border_width=&#8221;10px&#8221; button_one_border_color=&#8221;rgba(210,159,104,0)&#8221; button_one_border_radius=&#8221;100px&#8221; button_one_font=&#8221;Lato|900|||||||&#8221; button_one_use_icon=&#8221;off&#8221; custom_button_two=&#8221;on&#8221; button_two_text_size=&#8221;16px&#8221; button_two_text_color=&#8221;#ffffff&#8221; button_two_bg_color=&#8221;rgba(255,255,255,0.15)&#8221; button_two_border_width=&#8221;10px&#8221; button_two_border_color=&#8221;rgba(210,159,104,0)&#8221; button_two_border_radius=&#8221;100px&#8221; button_two_font=&#8221;Lato|900|||||||&#8221; button_two_use_icon=&#8221;off&#8221; custom_margin=&#8221;|||&#8221; custom_padding=&#8221;5vw||5vw||true|false&#8221; custom_padding_tablet=&#8221;20vw||20vw||true&#8221; custom_padding_phone=&#8221;20vw||20vw||true&#8221; custom_padding_last_edited=&#8221;on|desktop&#8221; hover_enabled=&#8221;0&#8243; [&hellip;]<\/p>\n","protected":false},"author":1,"featured_media":2266,"parent":0,"menu_order":0,"comment_status":"closed","ping_status":"closed","template":"","meta":{"_et_pb_use_builder":"on","_et_pb_old_content":"","_et_gb_content_width":""},"yoast_head":"<!-- This site is optimized with the Yoast SEO plugin v18.4.1 - https:\/\/yoast.com\/wordpress\/plugins\/seo\/ -->\n<title>Certificado ISO 14001<\/title>\n<meta name=\"description\" content=\"En Tour SA contamos con la Norma ISO 14001 es una herramienta \u00fatil y necesaria para mejorar nuestra entidad en todos los aspectos.\" \/>\n<meta name=\"robots\" content=\"index, follow, max-snippet:-1, max-image-preview:large, max-video-preview:-1\" \/>\n<link rel=\"canonical\" href=\"https:\/\/www.tour-sa.com\/ca\/certificat-iso-14001\/\" \/>\n<meta property=\"og:locale\" content=\"ca_ES\" \/>\n<meta property=\"og:type\" content=\"article\" \/>\n<meta property=\"og:title\" content=\"Servicio de mensajer\u00eda en Barcelona \u2794 Tour SA Mensajeros\" \/>\n<meta property=\"og:description\" content=\"\u2705 Descubre los servicios de mensajer\u00eda en Barcelona de Tour SA. Mensajeros profesionales con m\u00e1s de 30 a\u00f1os de experiencia.\" \/>\n<meta property=\"og:url\" content=\"https:\/\/www.tour-sa.com\/ca\/certificat-iso-14001\/\" \/>\n<meta property=\"og:site_name\" content=\"Tour SA\" \/>\n<meta property=\"article:modified_time\" content=\"2022-01-03T10:44:56+00:00\" \/>\n<meta property=\"og:image\" content=\"https:\/\/www.tour-sa.com\/wp-content\/uploads\/2020\/01\/servicio-mensajeria.jpg\" \/>\n\t<meta property=\"og:image:width\" content=\"1200\" \/>\n\t<meta property=\"og:image:height\" content=\"628\" \/>\n\t<meta property=\"og:image:type\" content=\"image\/jpeg\" \/>\n<meta name=\"twitter:card\" content=\"summary\" \/>\n<meta name=\"twitter:title\" content=\"Servicio de mensajer\u00eda en Barcelona \u2794 Tour SA Mensajeros\" \/>\n<meta name=\"twitter:description\" content=\"\u2705 Descubre los servicios de mensajer\u00eda en Barcelona de Tour SA. Mensajeros profesionales con m\u00e1s de 30 a\u00f1os de experiencia.\" \/>\n<meta name=\"twitter:image\" content=\"https:\/\/www.tour-sa.com\/wp-content\/uploads\/2020\/01\/servicio-mensajeria.jpg\" \/>\n<meta name=\"twitter:label1\" content=\"Temps estimat de lectura\" \/>\n\t<meta name=\"twitter:data1\" content=\"5 minuts\" \/>\n<script type=\"application\/ld+json\" class=\"yoast-schema-graph\">{\"@context\":\"https:\/\/schema.org\",\"@graph\":[{\"@type\":\"Organization\",\"@id\":\"https:\/\/www.tour-sa.com\/#organization\",\"name\":\"Tour SA\",\"url\":\"https:\/\/www.tour-sa.com\/\",\"sameAs\":[],\"logo\":{\"@type\":\"ImageObject\",\"@id\":\"https:\/\/www.tour-sa.com\/#logo\",\"inLanguage\":\"ca\",\"url\":\"\",\"contentUrl\":\"\",\"caption\":\"Tour SA\"},\"image\":{\"@id\":\"https:\/\/www.tour-sa.com\/#logo\"}},{\"@type\":\"WebSite\",\"@id\":\"https:\/\/www.tour-sa.com\/#website\",\"url\":\"https:\/\/www.tour-sa.com\/\",\"name\":\"Tour SA\",\"description\":\"Missatgeria urgent, transport, log\u00edstica i distribuci\u00f3\",\"publisher\":{\"@id\":\"https:\/\/www.tour-sa.com\/#organization\"},\"potentialAction\":[{\"@type\":\"SearchAction\",\"target\":{\"@type\":\"EntryPoint\",\"urlTemplate\":\"https:\/\/www.tour-sa.com\/?s={search_term_string}\"},\"query-input\":\"required name=search_term_string\"}],\"inLanguage\":\"ca\"},{\"@type\":\"ImageObject\",\"@id\":\"https:\/\/www.tour-sa.com\/ca\/certificat-iso-14001\/#primaryimage\",\"inLanguage\":\"ca\",\"url\":\"https:\/\/www.tour-sa.com\/wp-content\/uploads\/2020\/01\/servicio-mensajeria.jpg\",\"contentUrl\":\"https:\/\/www.tour-sa.com\/wp-content\/uploads\/2020\/01\/servicio-mensajeria.jpg\",\"width\":1200,\"height\":628,\"caption\":\"servicio mensajer\u00eda\"},{\"@type\":\"WebPage\",\"@id\":\"https:\/\/www.tour-sa.com\/ca\/certificat-iso-14001\/#webpage\",\"url\":\"https:\/\/www.tour-sa.com\/ca\/certificat-iso-14001\/\",\"name\":\"Certificado ISO 14001\",\"isPartOf\":{\"@id\":\"https:\/\/www.tour-sa.com\/#website\"},\"primaryImageOfPage\":{\"@id\":\"https:\/\/www.tour-sa.com\/ca\/certificat-iso-14001\/#primaryimage\"},\"datePublished\":\"2021-12-09T10:13:23+00:00\",\"dateModified\":\"2022-01-03T10:44:56+00:00\",\"description\":\"En Tour SA contamos con la Norma ISO 14001 es una herramienta \u00fatil y necesaria para mejorar nuestra entidad en todos los aspectos.\",\"breadcrumb\":{\"@id\":\"https:\/\/www.tour-sa.com\/ca\/certificat-iso-14001\/#breadcrumb\"},\"inLanguage\":\"ca\",\"potentialAction\":[{\"@type\":\"ReadAction\",\"target\":[\"https:\/\/www.tour-sa.com\/ca\/certificat-iso-14001\/\"]}]},{\"@type\":\"BreadcrumbList\",\"@id\":\"https:\/\/www.tour-sa.com\/ca\/certificat-iso-14001\/#breadcrumb\",\"itemListElement\":[{\"@type\":\"ListItem\",\"position\":1,\"name\":\"Portada\",\"item\":\"https:\/\/www.tour-sa.com\/ca\/\"},{\"@type\":\"ListItem\",\"position\":2,\"name\":\"Certificat ISO 14001\"}]}]}<\/script>\n<!-- \/ Yoast SEO plugin. -->","yoast_head_json":{"title":"Certificado ISO 14001","description":"En Tour SA contamos con la Norma ISO 14001 es una herramienta \u00fatil y necesaria para mejorar nuestra entidad en todos los aspectos.","robots":{"index":"index","follow":"follow","max-snippet":"max-snippet:-1","max-image-preview":"max-image-preview:large","max-video-preview":"max-video-preview:-1"},"canonical":"https:\/\/www.tour-sa.com\/ca\/certificat-iso-14001\/","og_locale":"ca_ES","og_type":"article","og_title":"Servicio de mensajer\u00eda en Barcelona \u2794 Tour SA Mensajeros","og_description":"\u2705 Descubre los servicios de mensajer\u00eda en Barcelona de Tour SA. Mensajeros profesionales con m\u00e1s de 30 a\u00f1os de experiencia.","og_url":"https:\/\/www.tour-sa.com\/ca\/certificat-iso-14001\/","og_site_name":"Tour SA","article_modified_time":"2022-01-03T10:44:56+00:00","og_image":[{"width":1200,"height":628,"url":"https:\/\/www.tour-sa.com\/wp-content\/uploads\/2020\/01\/servicio-mensajeria.jpg","type":"image\/jpeg"}],"twitter_card":"summary","twitter_title":"Servicio de mensajer\u00eda en Barcelona \u2794 Tour SA Mensajeros","twitter_description":"\u2705 Descubre los servicios de mensajer\u00eda en Barcelona de Tour SA. Mensajeros profesionales con m\u00e1s de 30 a\u00f1os de experiencia.","twitter_image":"https:\/\/www.tour-sa.com\/wp-content\/uploads\/2020\/01\/servicio-mensajeria.jpg","twitter_misc":{"Temps estimat de lectura":"5 minuts"},"schema":{"@context":"https:\/\/schema.org","@graph":[{"@type":"Organization","@id":"https:\/\/www.tour-sa.com\/#organization","name":"Tour SA","url":"https:\/\/www.tour-sa.com\/","sameAs":[],"logo":{"@type":"ImageObject","@id":"https:\/\/www.tour-sa.com\/#logo","inLanguage":"ca","url":"","contentUrl":"","caption":"Tour SA"},"image":{"@id":"https:\/\/www.tour-sa.com\/#logo"}},{"@type":"WebSite","@id":"https:\/\/www.tour-sa.com\/#website","url":"https:\/\/www.tour-sa.com\/","name":"Tour SA","description":"Missatgeria urgent, transport, log\u00edstica i distribuci\u00f3","publisher":{"@id":"https:\/\/www.tour-sa.com\/#organization"},"potentialAction":[{"@type":"SearchAction","target":{"@type":"EntryPoint","urlTemplate":"https:\/\/www.tour-sa.com\/?s={search_term_string}"},"query-input":"required name=search_term_string"}],"inLanguage":"ca"},{"@type":"ImageObject","@id":"https:\/\/www.tour-sa.com\/ca\/certificat-iso-14001\/#primaryimage","inLanguage":"ca","url":"https:\/\/www.tour-sa.com\/wp-content\/uploads\/2020\/01\/servicio-mensajeria.jpg","contentUrl":"https:\/\/www.tour-sa.com\/wp-content\/uploads\/2020\/01\/servicio-mensajeria.jpg","width":1200,"height":628,"caption":"servicio mensajer\u00eda"},{"@type":"WebPage","@id":"https:\/\/www.tour-sa.com\/ca\/certificat-iso-14001\/#webpage","url":"https:\/\/www.tour-sa.com\/ca\/certificat-iso-14001\/","name":"Certificado ISO 14001","isPartOf":{"@id":"https:\/\/www.tour-sa.com\/#website"},"primaryImageOfPage":{"@id":"https:\/\/www.tour-sa.com\/ca\/certificat-iso-14001\/#primaryimage"},"datePublished":"2021-12-09T10:13:23+00:00","dateModified":"2022-01-03T10:44:56+00:00","description":"En Tour SA contamos con la Norma ISO 14001 es una herramienta \u00fatil y necesaria para mejorar nuestra entidad en todos los aspectos.","breadcrumb":{"@id":"https:\/\/www.tour-sa.com\/ca\/certificat-iso-14001\/#breadcrumb"},"inLanguage":"ca","potentialAction":[{"@type":"ReadAction","target":["https:\/\/www.tour-sa.com\/ca\/certificat-iso-14001\/"]}]},{"@type":"BreadcrumbList","@id":"https:\/\/www.tour-sa.com\/ca\/certificat-iso-14001\/#breadcrumb","itemListElement":[{"@type":"ListItem","position":1,"name":"Portada","item":"https:\/\/www.tour-sa.com\/ca\/"},{"@type":"ListItem","position":2,"name":"Certificat ISO 14001"}]}]}},"_links":{"self":[{"href":"https:\/\/www.tour-sa.com\/ca\/wp-json\/wp\/v2\/pages\/6058"}],"collection":[{"href":"https:\/\/www.tour-sa.com\/ca\/wp-json\/wp\/v2\/pages"}],"about":[{"href":"https:\/\/www.tour-sa.com\/ca\/wp-json\/wp\/v2\/types\/page"}],"author":[{"embeddable":true,"href":"https:\/\/www.tour-sa.com\/ca\/wp-json\/wp\/v2\/users\/1"}],"replies":[{"embeddable":true,"href":"https:\/\/www.tour-sa.com\/ca\/wp-json\/wp\/v2\/comments?post=6058"}],"version-history":[{"count":0,"href":"https:\/\/www.tour-sa.com\/ca\/wp-json\/wp\/v2\/pages\/6058\/revisions"}],"wp:featuredmedia":[{"embeddable":true,"href":"https:\/\/www.tour-sa.com\/ca\/wp-json\/wp\/v2\/media\/2266"}],"wp:attachment":[{"href":"https:\/\/www.tour-sa.com\/ca\/wp-json\/wp\/v2\/media?parent=6058"}],"curies":[{"name":"wp","href":"https:\/\/api.w.org\/{rel}","templated":true}]}}