{"id":393,"date":"2016-05-04T10:21:42","date_gmt":"2016-05-04T10:21:42","guid":{"rendered":"http:\/\/proyectostesubi.com\/toursa\/terminos-y-condiciones-2\/"},"modified":"2020-02-26T17:31:45","modified_gmt":"2020-02-26T16:31:45","slug":"termes-condicions","status":"publish","type":"page","link":"https:\/\/www.tour-sa.com\/ca\/termes-condicions\/","title":{"rendered":"Termes i condicions"},"content":{"rendered":"<p>[et_pb_section fb_built=&#8221;1&#8243; admin_label=&#8221;Secci\u00f3n&#8221; _builder_version=&#8221;3.22&#8243;][et_pb_row admin_label=&#8221;Fila&#8221; _builder_version=&#8221;3.25&#8243; background_size=&#8221;initial&#8221; background_position=&#8221;top_left&#8221; background_repeat=&#8221;repeat&#8221;][et_pb_column type=&#8221;4_4&#8243; _builder_version=&#8221;3.25&#8243; custom_padding=&#8221;|||&#8221; custom_padding__hover=&#8221;|||&#8221;][et_pb_text admin_label=&#8221;Texto&#8221; _builder_version=&#8221;4.0.9&#8243; background_size=&#8221;initial&#8221; background_position=&#8221;top_left&#8221; background_repeat=&#8221;repeat&#8221; text_orientation=&#8221;center&#8221; module_alignment=&#8221;center&#8221; use_border_color=&#8221;off&#8221; border_color=&#8221;#ffffff&#8221; border_style=&#8221;solid&#8221;]<\/p>\n<h1>Termes i condicions<\/h1>\n<p>[\/et_pb_text][et_pb_text admin_label=&#8221;Texto&#8221; _builder_version=&#8221;4.0.9&#8243; background_size=&#8221;initial&#8221; background_position=&#8221;top_left&#8221; background_repeat=&#8221;repeat&#8221; use_border_color=&#8221;off&#8221; border_color=&#8221;#ffffff&#8221; border_style=&#8221;solid&#8221;]<\/p>\n<p>Avisos legals<br \/>Empresa: TOUR S. a.<br \/>Ra\u00f3 Social: (Nova direcci\u00f3) Josep Pla 78-80 \u2013 08019<br \/>Prov\u00edncia: Barcelona<br \/>Tel\u00e8fon de contacte: 932 240 690<br \/>Email de contacte: info@tour-sa.com<\/p>\n<p>Protecci\u00f3 de Dades:<br \/>TOUR S.A. assegura la confidencialitat de les dades aportades pels nostres clients, i garanteix que en cap cas seran cedits a terceres empreses.<\/p>\n<p>Llei de Protecci\u00f3 de dades:\u00a0LOPD:<br \/>En compliment del que es disposa en la Llei org\u00e0nica 15\/1999 de 13 de Desembre, de Protecci\u00f3 de Dades de Car\u00e0cter Personal, qualsevol usuari registrat podr\u00e0 en tot moment exercitar els drets d&#8217;acc\u00e9s, rectificaci\u00f3, cancel\u00b7laci\u00f3 i oposici\u00f3, comunicant-ho per escrit a l&#8217;adre\u00e7a a dalt indicada, o la seg\u00fcent adre\u00e7a: info@tour-sa.com<\/p>\n<p>[\/et_pb_text][\/et_pb_column][\/et_pb_row][\/et_pb_section]<\/p>\n","protected":false},"excerpt":{"rendered":"<p>[et_pb_section fb_built=&#8221;1&#8243; admin_label=&#8221;Secci\u00f3n&#8221; _builder_version=&#8221;3.22&#8243;][et_pb_row admin_label=&#8221;Fila&#8221; _builder_version=&#8221;3.25&#8243; background_size=&#8221;initial&#8221; background_position=&#8221;top_left&#8221; background_repeat=&#8221;repeat&#8221;][et_pb_column type=&#8221;4_4&#8243; _builder_version=&#8221;3.25&#8243; custom_padding=&#8221;|||&#8221; custom_padding__hover=&#8221;|||&#8221;][et_pb_text admin_label=&#8221;Texto&#8221; _builder_version=&#8221;4.0.9&#8243; background_size=&#8221;initial&#8221; background_position=&#8221;top_left&#8221; background_repeat=&#8221;repeat&#8221; text_orientation=&#8221;center&#8221; module_alignment=&#8221;center&#8221; use_border_color=&#8221;off&#8221; border_color=&#8221;#ffffff&#8221; border_style=&#8221;solid&#8221;] Termes i condicions [\/et_pb_text][et_pb_text admin_label=&#8221;Texto&#8221; _builder_version=&#8221;4.0.9&#8243; background_size=&#8221;initial&#8221; background_position=&#8221;top_left&#8221; background_repeat=&#8221;repeat&#8221; use_border_color=&#8221;off&#8221; border_color=&#8221;#ffffff&#8221; border_style=&#8221;solid&#8221;] Avisos legalsEmpresa: TOUR S. a.Ra\u00f3 Social: (Nova direcci\u00f3) Josep Pla 78-80 \u2013 08019Prov\u00edncia: BarcelonaTel\u00e8fon de contacte: 932 240 690Email de [&hellip;]<\/p>\n","protected":false},"author":1,"featured_media":3535,"parent":0,"menu_order":0,"comment_status":"closed","ping_status":"closed","template":"","meta":{"_et_pb_use_builder":"on","_et_pb_old_content":"","_et_gb_content_width":""},"yoast_head":"<!-- This site is optimized with the Yoast SEO plugin v18.4.1 - https:\/\/yoast.com\/wordpress\/plugins\/seo\/ -->\n<title>Termes i condicions de l&#039;empresa Tour SA missatgers<\/title>\n<meta name=\"description\" content=\"Benvingut a la p\u00e0gina de termes i condicions de l&#039;empresa Tour SA missatgers. Log\u00edstica, transport i missatgeria de qualitat.\" \/>\n<meta name=\"robots\" content=\"index, follow, max-snippet:-1, max-image-preview:large, max-video-preview:-1\" \/>\n<link rel=\"canonical\" href=\"https:\/\/www.tour-sa.com\/ca\/termes-condicions\/\" \/>\n<meta property=\"og:locale\" content=\"ca_ES\" \/>\n<meta property=\"og:type\" content=\"article\" \/>\n<meta property=\"og:title\" content=\"Termes i condicions de l&#039;empresa Tour SA missatgers\" \/>\n<meta property=\"og:description\" content=\"Benvingut a la p\u00e0gina de termes i condicions de l&#039;empresa Tour SA missatgers. Log\u00edstica, transport i missatgeria de qualitat.\" \/>\n<meta property=\"og:url\" content=\"https:\/\/www.tour-sa.com\/ca\/termes-condicions\/\" \/>\n<meta property=\"og:site_name\" content=\"Tour SA\" \/>\n<meta property=\"article:modified_time\" content=\"2020-02-26T16:31:45+00:00\" \/>\n<meta property=\"og:image\" content=\"https:\/\/www.tour-sa.com\/wp-content\/uploads\/2020\/02\/termes-condicions.jpg\" \/>\n\t<meta property=\"og:image:width\" content=\"1200\" \/>\n\t<meta property=\"og:image:height\" content=\"628\" \/>\n\t<meta property=\"og:image:type\" content=\"image\/jpeg\" \/>\n<meta name=\"twitter:card\" content=\"summary\" \/>\n<meta name=\"twitter:title\" content=\"Termes i condicions de l&#039;empresa Tour SA missatgers\" \/>\n<meta name=\"twitter:description\" content=\"Benvingut a la p\u00e0gina de termes i condicions de l&#039;empresa Tour SA missatgers. Log\u00edstica, transport i missatgeria de qualitat.\" \/>\n<meta name=\"twitter:image\" content=\"https:\/\/www.tour-sa.com\/wp-content\/uploads\/2020\/02\/termes-condicions.jpg\" \/>\n<meta name=\"twitter:label1\" content=\"Temps estimat de lectura\" \/>\n\t<meta name=\"twitter:data1\" content=\"1 minut\" \/>\n<script type=\"application\/ld+json\" class=\"yoast-schema-graph\">{\"@context\":\"https:\/\/schema.org\",\"@graph\":[{\"@type\":\"Organization\",\"@id\":\"https:\/\/www.tour-sa.com\/#organization\",\"name\":\"Tour SA\",\"url\":\"https:\/\/www.tour-sa.com\/\",\"sameAs\":[],\"logo\":{\"@type\":\"ImageObject\",\"@id\":\"https:\/\/www.tour-sa.com\/#logo\",\"inLanguage\":\"ca\",\"url\":\"\",\"contentUrl\":\"\",\"caption\":\"Tour SA\"},\"image\":{\"@id\":\"https:\/\/www.tour-sa.com\/#logo\"}},{\"@type\":\"WebSite\",\"@id\":\"https:\/\/www.tour-sa.com\/#website\",\"url\":\"https:\/\/www.tour-sa.com\/\",\"name\":\"Tour SA\",\"description\":\"Missatgeria urgent, transport, log\u00edstica i distribuci\u00f3\",\"publisher\":{\"@id\":\"https:\/\/www.tour-sa.com\/#organization\"},\"potentialAction\":[{\"@type\":\"SearchAction\",\"target\":{\"@type\":\"EntryPoint\",\"urlTemplate\":\"https:\/\/www.tour-sa.com\/?s={search_term_string}\"},\"query-input\":\"required name=search_term_string\"}],\"inLanguage\":\"ca\"},{\"@type\":\"ImageObject\",\"@id\":\"https:\/\/www.tour-sa.com\/ca\/termes-condicions\/#primaryimage\",\"inLanguage\":\"ca\",\"url\":\"https:\/\/www.tour-sa.com\/wp-content\/uploads\/2020\/02\/termes-condicions.jpg\",\"contentUrl\":\"https:\/\/www.tour-sa.com\/wp-content\/uploads\/2020\/02\/termes-condicions.jpg\",\"width\":1200,\"height\":628,\"caption\":\"termes i condicions\"},{\"@type\":\"WebPage\",\"@id\":\"https:\/\/www.tour-sa.com\/ca\/termes-condicions\/#webpage\",\"url\":\"https:\/\/www.tour-sa.com\/ca\/termes-condicions\/\",\"name\":\"Termes i condicions de l'empresa Tour SA missatgers\",\"isPartOf\":{\"@id\":\"https:\/\/www.tour-sa.com\/#website\"},\"primaryImageOfPage\":{\"@id\":\"https:\/\/www.tour-sa.com\/ca\/termes-condicions\/#primaryimage\"},\"datePublished\":\"2016-05-04T10:21:42+00:00\",\"dateModified\":\"2020-02-26T16:31:45+00:00\",\"description\":\"Benvingut a la p\u00e0gina de termes i condicions de l'empresa Tour SA missatgers. Log\u00edstica, transport i missatgeria de qualitat.\",\"breadcrumb\":{\"@id\":\"https:\/\/www.tour-sa.com\/ca\/termes-condicions\/#breadcrumb\"},\"inLanguage\":\"ca\",\"potentialAction\":[{\"@type\":\"ReadAction\",\"target\":[\"https:\/\/www.tour-sa.com\/ca\/termes-condicions\/\"]}]},{\"@type\":\"BreadcrumbList\",\"@id\":\"https:\/\/www.tour-sa.com\/ca\/termes-condicions\/#breadcrumb\",\"itemListElement\":[{\"@type\":\"ListItem\",\"position\":1,\"name\":\"Portada\",\"item\":\"https:\/\/www.tour-sa.com\/ca\/\"},{\"@type\":\"ListItem\",\"position\":2,\"name\":\"Termes i condicions\"}]}]}<\/script>\n<!-- \/ Yoast SEO plugin. -->","yoast_head_json":{"title":"Termes i condicions de l'empresa Tour SA missatgers","description":"Benvingut a la p\u00e0gina de termes i condicions de l'empresa Tour SA missatgers. Log\u00edstica, transport i missatgeria de qualitat.","robots":{"index":"index","follow":"follow","max-snippet":"max-snippet:-1","max-image-preview":"max-image-preview:large","max-video-preview":"max-video-preview:-1"},"canonical":"https:\/\/www.tour-sa.com\/ca\/termes-condicions\/","og_locale":"ca_ES","og_type":"article","og_title":"Termes i condicions de l'empresa Tour SA missatgers","og_description":"Benvingut a la p\u00e0gina de termes i condicions de l'empresa Tour SA missatgers. Log\u00edstica, transport i missatgeria de qualitat.","og_url":"https:\/\/www.tour-sa.com\/ca\/termes-condicions\/","og_site_name":"Tour SA","article_modified_time":"2020-02-26T16:31:45+00:00","og_image":[{"width":1200,"height":628,"url":"https:\/\/www.tour-sa.com\/wp-content\/uploads\/2020\/02\/termes-condicions.jpg","type":"image\/jpeg"}],"twitter_card":"summary","twitter_title":"Termes i condicions de l'empresa Tour SA missatgers","twitter_description":"Benvingut a la p\u00e0gina de termes i condicions de l'empresa Tour SA missatgers. Log\u00edstica, transport i missatgeria de qualitat.","twitter_image":"https:\/\/www.tour-sa.com\/wp-content\/uploads\/2020\/02\/termes-condicions.jpg","twitter_misc":{"Temps estimat de lectura":"1 minut"},"schema":{"@context":"https:\/\/schema.org","@graph":[{"@type":"Organization","@id":"https:\/\/www.tour-sa.com\/#organization","name":"Tour SA","url":"https:\/\/www.tour-sa.com\/","sameAs":[],"logo":{"@type":"ImageObject","@id":"https:\/\/www.tour-sa.com\/#logo","inLanguage":"ca","url":"","contentUrl":"","caption":"Tour SA"},"image":{"@id":"https:\/\/www.tour-sa.com\/#logo"}},{"@type":"WebSite","@id":"https:\/\/www.tour-sa.com\/#website","url":"https:\/\/www.tour-sa.com\/","name":"Tour SA","description":"Missatgeria urgent, transport, log\u00edstica i distribuci\u00f3","publisher":{"@id":"https:\/\/www.tour-sa.com\/#organization"},"potentialAction":[{"@type":"SearchAction","target":{"@type":"EntryPoint","urlTemplate":"https:\/\/www.tour-sa.com\/?s={search_term_string}"},"query-input":"required name=search_term_string"}],"inLanguage":"ca"},{"@type":"ImageObject","@id":"https:\/\/www.tour-sa.com\/ca\/termes-condicions\/#primaryimage","inLanguage":"ca","url":"https:\/\/www.tour-sa.com\/wp-content\/uploads\/2020\/02\/termes-condicions.jpg","contentUrl":"https:\/\/www.tour-sa.com\/wp-content\/uploads\/2020\/02\/termes-condicions.jpg","width":1200,"height":628,"caption":"termes i condicions"},{"@type":"WebPage","@id":"https:\/\/www.tour-sa.com\/ca\/termes-condicions\/#webpage","url":"https:\/\/www.tour-sa.com\/ca\/termes-condicions\/","name":"Termes i condicions de l'empresa Tour SA missatgers","isPartOf":{"@id":"https:\/\/www.tour-sa.com\/#website"},"primaryImageOfPage":{"@id":"https:\/\/www.tour-sa.com\/ca\/termes-condicions\/#primaryimage"},"datePublished":"2016-05-04T10:21:42+00:00","dateModified":"2020-02-26T16:31:45+00:00","description":"Benvingut a la p\u00e0gina de termes i condicions de l'empresa Tour SA missatgers. Log\u00edstica, transport i missatgeria de qualitat.","breadcrumb":{"@id":"https:\/\/www.tour-sa.com\/ca\/termes-condicions\/#breadcrumb"},"inLanguage":"ca","potentialAction":[{"@type":"ReadAction","target":["https:\/\/www.tour-sa.com\/ca\/termes-condicions\/"]}]},{"@type":"BreadcrumbList","@id":"https:\/\/www.tour-sa.com\/ca\/termes-condicions\/#breadcrumb","itemListElement":[{"@type":"ListItem","position":1,"name":"Portada","item":"https:\/\/www.tour-sa.com\/ca\/"},{"@type":"ListItem","position":2,"name":"Termes i condicions"}]}]}},"_links":{"self":[{"href":"https:\/\/www.tour-sa.com\/ca\/wp-json\/wp\/v2\/pages\/393"}],"collection":[{"href":"https:\/\/www.tour-sa.com\/ca\/wp-json\/wp\/v2\/pages"}],"about":[{"href":"https:\/\/www.tour-sa.com\/ca\/wp-json\/wp\/v2\/types\/page"}],"author":[{"embeddable":true,"href":"https:\/\/www.tour-sa.com\/ca\/wp-json\/wp\/v2\/users\/1"}],"replies":[{"embeddable":true,"href":"https:\/\/www.tour-sa.com\/ca\/wp-json\/wp\/v2\/comments?post=393"}],"version-history":[{"count":0,"href":"https:\/\/www.tour-sa.com\/ca\/wp-json\/wp\/v2\/pages\/393\/revisions"}],"wp:featuredmedia":[{"embeddable":true,"href":"https:\/\/www.tour-sa.com\/ca\/wp-json\/wp\/v2\/media\/3535"}],"wp:attachment":[{"href":"https:\/\/www.tour-sa.com\/ca\/wp-json\/wp\/v2\/media?parent=393"}],"curies":[{"name":"wp","href":"https:\/\/api.w.org\/{rel}","templated":true}]}}