{"id":2477,"date":"2017-06-07T11:14:40","date_gmt":"2017-06-07T11:14:40","guid":{"rendered":"https:\/\/www.tour-sa.com\/condiciones-legal\/"},"modified":"2020-02-26T17:00:05","modified_gmt":"2020-02-26T16:00:05","slug":"condicions-legals","status":"publish","type":"page","link":"https:\/\/www.tour-sa.com\/ca\/condicions-legals\/","title":{"rendered":"Condicions Legals"},"content":{"rendered":"<p>[et_pb_section fb_built=&#8221;1&#8243; admin_label=&#8221;Secci\u00f3n&#8221; _builder_version=&#8221;3.22&#8243;][et_pb_row admin_label=&#8221;Fila&#8221; _builder_version=&#8221;3.25&#8243; background_size=&#8221;initial&#8221; background_position=&#8221;top_left&#8221; background_repeat=&#8221;repeat&#8221;][et_pb_column type=&#8221;4_4&#8243; _builder_version=&#8221;3.25&#8243; custom_padding=&#8221;|||&#8221; custom_padding__hover=&#8221;|||&#8221;][et_pb_text admin_label=&#8221;Texto&#8221; _builder_version=&#8221;4.0.9&#8243; background_size=&#8221;initial&#8221; background_position=&#8221;top_left&#8221; background_repeat=&#8221;repeat&#8221; text_orientation=&#8221;center&#8221; module_alignment=&#8221;center&#8221; use_border_color=&#8221;off&#8221; border_color=&#8221;#ffffff&#8221; border_style=&#8221;solid&#8221;]<\/p>\n<h1>Condicions Legals<\/h1>\n<p>[\/et_pb_text][et_pb_text admin_label=&#8221;Texto&#8221; _builder_version=&#8221;4.0.9&#8243; background_size=&#8221;initial&#8221; background_position=&#8221;top_left&#8221; background_repeat=&#8221;repeat&#8221; use_border_color=&#8221;off&#8221; border_color=&#8221;#ffffff&#8221; border_style=&#8221;solid&#8221;]<\/p>\n<p><strong>1. OBJECTE<\/strong><br \/>Aquestes condicions generals regulen l&#8217;adquisici\u00f3 dels serveis oferts en el lloc web <a href=\"https:\/\/www.tour-sa.com\/\" target=\"_blank\" rel=\"noopener noreferrer\">https:\/\/www.tour-sa.com\/<\/a>, del qual \u00e9s titular TOUR, SA (en endavant, TOUR SA MISSATGERS).<\/p>\n<p>L&#8217;adquisici\u00f3 de qualssevol dels serveis comporta l&#8217;acceptaci\u00f3 plena i sense reserves de totes i cadascuna de les condicions generals que s&#8217;indiquen, sense perjudici de l&#8217;acceptaci\u00f3 de les condicions particulars que puguin ser aplicables\u00a0en adquirir\u00a0determinats serveis.<\/p>\n<p>Aquestes condicions generals es poden ser modificades sense notificaci\u00f3 pr\u00e8via, per tant, \u00e9s recomanable llegir amb atenci\u00f3 el contingut abans de procedir a l&#8217;adquisici\u00f3 de qualsevol dels serveis oferts.<\/p>\n<p><strong>2. IDENTIFICACI\u00d3<\/strong><br \/>TOUR SA MISSATGERS, en compliment de la Llei 34\/2002,\u00a0d&#8217;11\u00a0de juliol, de Serveis de la Societat de la Informaci\u00f3 i de Comer\u00e7 Electr\u00f2nic, l&#8217;informa que:<br \/>\u2022 La seva denominaci\u00f3 social \u00e9s: TOUR, SA.<br \/>\u2022 El seu nom comercial \u00e9s: TOUR SA MISSATGERS.<br \/>\u2022 El seu CIF \u00e9s:\u00a0A58030149.<br \/>\u2022 El seu domicili social \u00e9s a: C \/ JOSEP PLA 78-08.019 BARCELONA (ESPANYA).<br \/>\u2022 Est\u00e0 inscrita en el Registre Mercantil de BARCELONA \u2022 T 44159,\u00a0F172, S 8, H B 22452, I \/ A 20.<\/p>\n<p>&nbsp;<\/p>\n<p><strong>3. COMUNICACIONS<\/strong><br \/>Per comunicar-se amb nosaltres, posem a la seva disposici\u00f3 diferents mitjans de contacte que detallem a continuaci\u00f3:<br \/>\u2022 Tel: 932240690.<br \/>\u2022 E-mail: <a href=\"mailto:toursa@tour-sa.com\">toursa@tour-sa.com<\/a>.<br \/>\u2022 Direcci\u00f3 postal: C\/ JOSEP PLA 78, 08019 &#8211; Barcelona.<\/p>\n<p>Totes les notificacions i comunicacions entre els usuaris i TOUR SA MISSATGERS es consideraran efica\u00e7os, a tots els efectes, quan es realitzin a trav\u00e9s de qualsevol mitj\u00e0 dels detallats anteriorment.<\/p>\n<p>&nbsp;<\/p>\n<p><strong>4. SERVEIS<\/strong><br \/>Els serveis oferts, juntament amb les caracter\u00edstiques principals dels mateixos i el seu preu pantalla.<\/p>\n<p>TOUR SA MISSATGERS es reserva el dret de decidir, en cada moment, els productes i \/ o serveis que s&#8217;ofereixen als clients. D&#8217;aquesta manera, TOUR SA MISSATGERS podr\u00e0, en qualsevol moment, afegir nous productes i \/ o serveis als oferts actualment. Aix\u00ed mateix, TOUR SA MISSATGERS es reserva el dret a retirar o deixar d&#8217;oferir, en qualsevol moment, i sense previ av\u00eds, qualsevol dels serveis oferts.<\/p>\n<p>Tot aix\u00f2 sense perjudici que l&#8217;adquisici\u00f3 d&#8217;algun dels serveis nom\u00e9s podr\u00e0 fer-se mitjan\u00e7ant la subscripci\u00f3 o registre de l&#8217;Usuari, atorgant per part de TOUR SA MISSATGERS a l&#8217;interessat un nom d&#8217;usuari i una contrasenya, els quals li identificaran i s&#8217;habilitaran personalment per poder tenir acc\u00e9s als serveis.<\/p>\n<p>Un cop dins de <a href=\"https:\/\/www.tour-sa.com\/\" target=\"_blank\" rel=\"noopener noreferrer\">https:\/\/www.tour-sa.com\/<\/a>, i per accedir a la contractaci\u00f3 dels diferents serveis, l&#8217;usuari haur\u00e0 de seguir totes les instruccions indicades en el proc\u00e9s de compra, la qual cosa suposar\u00e0 la lectura i acceptaci\u00f3 de totes les condicions generals i particulars fixades en <a href=\"https:\/\/www.tour-sa.com\/\" target=\"_blank\" rel=\"noopener noreferrer\">https:\/\/www.tour-sa.com\/<\/a>.<\/p>\n<p>&nbsp;<\/p>\n<p><strong>5. DISPONIBILITAT I SUBSTITUCIONS<br \/><\/strong><strong>SERVEIS<\/strong><br \/>TOUR SA MISSATGERS no es responsabilitza dels danys o perjudicis que puguin produir-se a dit USUARI conseq\u00fc\u00e8ncia de fallades o desconnexions a les xarxes de telecomunicacions i que ocasionin suspensi\u00f3, cancel\u00b7laci\u00f3 o interrupci\u00f3 del servei de <a href=\"https:\/\/www.tour-sa.com\/\" target=\"_blank\" rel=\"noopener noreferrer\">https:\/\/www.tour-sa.com\/<\/a> durant la prestaci\u00f3 d&#8217;aquest.<\/p>\n<p>&nbsp;<\/p>\n<p><strong>6. PROC\u00c9S DE COMPRA I\/O CONTRACTACI\u00d3<\/strong><br \/>Per realitzar qualsevol compra a <a href=\"https:\/\/www.tour-sa.com\/\" target=\"_blank\" rel=\"noopener noreferrer\">https:\/\/www.tour-sa.com\/<\/a>, cal que el client sigui major d&#8217;edat. A m\u00e9s cal que el client es registri en https:\/\/www.tour-sa.com\/ a trav\u00e9s d&#8217;un formulari de recollida de dades en qu\u00e8 es proporcioni a TOUR SA MISSATGERS la informaci\u00f3 necess\u00e0ria per a la contractaci\u00f3; dades que en qualsevol cas seran vera\u00e7os, exactes i completes sobre la seva identitat i que el client ha de consentir expressament mitjan\u00e7ant l&#8217;acceptaci\u00f3 de la pol\u00edtica de privacitat de TOUR SA MISSATGERS.<\/p>\n<p>Aix\u00ed mateix, \u00e9s recomanable que el client imprimeixi i \/ o guardi una c\u00f2pia en suport durador de les condicions de venda al realitzar la seva comanda, aix\u00ed com del comprovant de recepci\u00f3 enviat per TOUR SA MISSATGERS per correu electr\u00f2nic.<\/p>\n<p><strong>FACTURACI\u00d3<\/strong><\/p>\n<p>Juntament amb la seva comanda, rebr\u00e0 la corresponent factura.<br \/>A aquest efecte, el client consent que aquesta factura se li remeti en format electr\u00f2nic. Aquesta factura ser\u00e0 inclosa en el paquet.<\/p>\n<p><strong>7. DURADA, RENOVACI\u00d3 I CANCEL\u00b7LACI\u00d3 DEL CONTRACTE<br \/>DURADA<\/strong><br \/>El present contracte es pacta per temps indefinit.<\/p>\n<p><strong>CANCEL\u00b7LACI\u00d3<\/strong><\/p>\n<p>Puede ser rescindido por cualquiera de las partes con un mes de antelaci\u00f3n, notific\u00e1ndolo mediante carta certificada.<\/p>\n<p>&nbsp;<\/p>\n<p><strong>8.PREUS, Despeses i impostos<\/strong><br \/>Els preus dels serveis que es recullen en <a href=\"https:\/\/www.tour-sa.com\/\">https:\/\/www.tour-sa.com\/<\/a> vindran expressats en Euros llevat que s&#8217;expressi el contrari i estaran garantits durant el temps de validesa\u00a0d&#8217;aquests, excepte error d&#8217;impressi\u00f3 i sigui quin sigui el dest\u00ed de la comanda.<\/p>\n<p><strong>SERVEIS<\/strong><br \/>Els preus finals de tots els serveis, al costat de les seves caracter\u00edstiques, les ofertes, descomptes, etc. Es reflecteixen en cadascun dels serveis que s&#8217;ofereixen a <a href=\"https:\/\/www.tour-sa.com\/\">https:\/\/www.tour-sa.com\/<\/a>.<\/p>\n<p>\u2022 Els serveis no tenen l&#8217;IVA incl\u00f2s.<br \/>\u2022 El tipus d&#8217;IVA \u00e9s del\u00a021%.<\/p>\n<p>Els preus dels serveis poden variar en qualsevol moment. En aquest cas, el preu a aplicar ser\u00e0 el vigent en la data de realitzaci\u00f3 de la comanda. De qualsevol manera, el cost final ser\u00e0 comunicat a client en el proc\u00e9s de compra electr\u00f2nica abans que aquest formalitzi la seva acceptaci\u00f3.<\/p>\n<p><strong>9. FORMES DE PAGAMENT<\/strong><br \/>Posem a la seva disposici\u00f3 aquestes formes de pagament:<br \/>a. Mitjan\u00e7ant domiciliaci\u00f3 banc\u00e0ria<br \/>Havent-se\u00a0d&#8217;indicar\u00a0en el full de confirmaci\u00f3 de comanda el seu n\u00famero de compte corrent en el qual hi haur\u00e0 de carregar-se la comanda.<br \/>En cas d&#8217;haver de realitzar devolucions de diners, s&#8217;abonar\u00e0 l&#8217;import directament en el seu compte.<\/p>\n<p><strong>OBSERVACIONS<\/strong><br \/>Si per qualsevol motiu no imputable a Tour, SA., L&#8217;entitat banc\u00e0ria procedeix a tornar els rebuts pendents de cobrament, les despeses d&#8217;aquesta devoluci\u00f3 seran a c\u00e0rrec de client.<\/p>\n<p>&nbsp;<\/p>\n<p><strong>10. POL\u00cdTICA DE DEVOLUCIONS I DESISTIMENT<\/strong><br \/>Segons estableix la normativa, el consumidor i usuari tindr\u00e0 dret a DESISTIR del contracte durant un per\u00edode m\u00e0xim de 14 dies naturals sense necessitat d&#8217;indicar el motiu i sense inc\u00f3rrer en cap cost, excepte els previstos a l&#8217;art. 107.2 i 108 de l&#8217;RD1 \/ 2007, de 16 de novembre, pel qual s&#8217;aprova el text referit de la Llei General per a la Defensa dels Consumidors i Usuaris.<\/p>\n<p>Aquest dret de desistiment no \u00e9s aplicable entre d&#8217;altres a:<br \/>\u2022 \u2022 Prestaci\u00f3 de serveis ja executats o comen\u00e7ats.<br \/>\u2022 Els contractes de subministrament de productes confeccionats conforme a les especificacions del\u00a0consumidor\u00a0i usuari o, clarament personalitzats, o que per la seva naturalesa no puguin ser retornats o puguin deteriorar-se o caducar amb rapidesa.<br \/>\u2022 Subministrament de b\u00e9ns precintats que no poden ser retornats per raons de salut o higiene.<br \/>\u2022 Subministrament de b\u00e9ns que despr\u00e9s del seu lliurament s&#8217;hagin barrejat amb altres.<br \/>\u2022 Els contractes de subministrament d&#8217;enregistraments sonors o de v\u00eddeo, de discos i de programes inform\u00e0tics que haguessin estat desprecintats pel consumidor i usuari, aix\u00ed com de fitxers inform\u00e0tics, subministrats per via electr\u00f2nica, susceptibles de ser descarregats o reprodu\u00efts amb car\u00e0cter immediat per a\u00a0el seu \u00fas\u00a0permanent.<br \/>\u2022 Els contractes de subministrament de premsa di\u00e0ria, publicacions peri\u00f2diques i revistes.<\/p>\n<p><strong>SERVEIS<\/strong><br \/>El termini per a desistir del contracte de prestaci\u00f3 de serveis \u00e9s de 14 dies naturals des del dia de la formalitzaci\u00f3 del contracte, i l&#8217;usuari haur\u00e0 de posar en coneixement de TOUR SA MISSATGERS el seu desig d&#8217;exercitar aquest dret, el que podr\u00e0 fer omplint el formulari que es troba al final d&#8217;aquest document.<\/p>\n<p>L&#8217;exercici del dret de desistiment d\u00f3na lloc a la suspensi\u00f3 del servei.<\/p>\n<p>TOUR SA MISSATGERS comunicar\u00e0 el consumidor en suport durador un justificant de recepci\u00f3 de l&#8217;esmentat desistiment.<\/p>\n<p>El desistiment implica que, TOUR SA MISSATGERS procedir\u00e0 a la devoluci\u00f3 de l&#8217;import ja abonat pel client en un termini m\u00e0xim de\u00a014\u00a0dies naturals, seguint el mateix procediment escollit pel client per al seu abonament (sempre que el servei contractat no estigui dins de les excepcions indicades anteriorment).<\/p>\n<p>Un cop rebem la seva sol\u00b7licitud ens posarem en contacte amb el client per indicar-li els detalls de la devoluci\u00f3.<\/p>\n<p>&nbsp;<\/p>\n<p><strong>11. RESPONSABILITAT I EXONERACI\u00d3 DE RESPONSABILITAT<\/strong><br \/>TOUR SA MISSATGERS podr\u00e0 suspendre, retirar o cancel\u00b7lar parcialment o totalment els serveis sotmesos a contractaci\u00f3 en qualsevol moment i sense necessitat d&#8217;av\u00eds previ. La previsi\u00f3 anterior no afectar\u00e0 aquells serveis que estan reservats per a usuaris registrats o que s\u00f3n objecte de contractaci\u00f3 pr\u00e8via i que es regiran per les seves condicions espec\u00edfiques.<\/p>\n<p><strong>AMPLIACI\u00d3 D&#8217;INFORMACI\u00d3<\/strong><br \/>El transport dels objectes \u00e9s a risc i ventura de l&#8217;abonat, no responent Tour, SA., O el transportista dels danys o perjudicis deguts a casos fortu\u00efts, for\u00e7a major, naturalesa o vici propi del producte, insuficient embalatge o causa imputable al\u00a0remitent\u00a0o consignatari de l&#8217;objecte a transportar.<\/p>\n<p>&nbsp;<\/p>\n<p><strong>12. ATENCI\u00d3 Al CLIENT I RECLAMACIONS<\/strong><br \/>Per a interposar qualsevol queixa o reclamaci\u00f3 davant TOUR SA\u00a0MISSATGERS\u00a0el client haur\u00e0 de dirigir-se al departament d&#8217;atenci\u00f3 al client b\u00e9 en el n\u00famero de tel\u00e8fon 932240690, b\u00e9 a trav\u00e9s de l&#8217;adre\u00e7a de correu electr\u00f2nic toursa@tour-sa.com<\/p>\n<p>Segons la Resoluci\u00f3 de litigis en l\u00ednia en mat\u00e8ria de consum de la UE i conforme a l&#8217;Art. 14.1 del Reglament (UE) 524\/2013, l&#8217;informem que la Comissi\u00f3 Europea facilita a tots els consumidors una plataforma de resoluci\u00f3 de litigis en l\u00ednia que es troba disponible en el seg\u00fcent enlla\u00e7: <a href=\"http:\/\/ec.europa.eu\/consumers\/odr\/\">http:\/\/ec.europa.eu\/consumers\/odr\/<\/a>.<\/p>\n<p>&nbsp;<\/p>\n<p><strong>13. LEGISLACI\u00d3 APLICABLE<\/strong><br \/>Les condicions presents es regiran per la legislaci\u00f3 espanyola vigent. La llengua utilitzada ser\u00e0 el Castell\u00e0.<\/p>\n<p>[\/et_pb_text][\/et_pb_column][\/et_pb_row][\/et_pb_section]<\/p>\n","protected":false},"excerpt":{"rendered":"<p>[et_pb_section fb_built=&#8221;1&#8243; admin_label=&#8221;Secci\u00f3n&#8221; _builder_version=&#8221;3.22&#8243;][et_pb_row admin_label=&#8221;Fila&#8221; _builder_version=&#8221;3.25&#8243; background_size=&#8221;initial&#8221; background_position=&#8221;top_left&#8221; background_repeat=&#8221;repeat&#8221;][et_pb_column type=&#8221;4_4&#8243; _builder_version=&#8221;3.25&#8243; custom_padding=&#8221;|||&#8221; custom_padding__hover=&#8221;|||&#8221;][et_pb_text admin_label=&#8221;Texto&#8221; _builder_version=&#8221;4.0.9&#8243; background_size=&#8221;initial&#8221; background_position=&#8221;top_left&#8221; background_repeat=&#8221;repeat&#8221; text_orientation=&#8221;center&#8221; module_alignment=&#8221;center&#8221; use_border_color=&#8221;off&#8221; border_color=&#8221;#ffffff&#8221; border_style=&#8221;solid&#8221;] Condicions Legals [\/et_pb_text][et_pb_text admin_label=&#8221;Texto&#8221; _builder_version=&#8221;4.0.9&#8243; background_size=&#8221;initial&#8221; background_position=&#8221;top_left&#8221; background_repeat=&#8221;repeat&#8221; use_border_color=&#8221;off&#8221; border_color=&#8221;#ffffff&#8221; border_style=&#8221;solid&#8221;] 1. OBJECTEAquestes condicions generals regulen l&#8217;adquisici\u00f3 dels serveis oferts en el lloc web https:\/\/www.tour-sa.com\/, del qual \u00e9s titular TOUR, SA (en [&hellip;]<\/p>\n","protected":false},"author":1,"featured_media":3507,"parent":0,"menu_order":0,"comment_status":"closed","ping_status":"closed","template":"","meta":{"_et_pb_use_builder":"on","_et_pb_old_content":"","_et_gb_content_width":""},"yoast_head":"<!-- This site is optimized with the Yoast SEO plugin v18.4.1 - https:\/\/yoast.com\/wordpress\/plugins\/seo\/ -->\n<title>Condicions legals de la web de Tour SA missatgers i log\u00edsitca<\/title>\n<meta name=\"description\" content=\"Revisa les condicions legals de la web de Tour SA missatgers. Som una empresa de transport, missatgeria i log\u00edstica a Barcelona.\" \/>\n<meta name=\"robots\" content=\"index, follow, max-snippet:-1, max-image-preview:large, max-video-preview:-1\" \/>\n<link rel=\"canonical\" href=\"https:\/\/www.tour-sa.com\/ca\/condicions-legals\/\" \/>\n<meta property=\"og:locale\" content=\"ca_ES\" \/>\n<meta property=\"og:type\" content=\"article\" \/>\n<meta property=\"og:title\" content=\"Condicions legals de la web de Tour SA missatgers i log\u00edsitca\" \/>\n<meta property=\"og:description\" content=\"Revisa les condicions legals de la web de Tour SA missatgers. Som una empresa de transport, missatgeria i log\u00edstica a Barcelona.\" \/>\n<meta property=\"og:url\" content=\"https:\/\/www.tour-sa.com\/ca\/condicions-legals\/\" \/>\n<meta property=\"og:site_name\" content=\"Tour SA\" \/>\n<meta property=\"article:modified_time\" content=\"2020-02-26T16:00:05+00:00\" \/>\n<meta property=\"og:image\" content=\"https:\/\/www.tour-sa.com\/wp-content\/uploads\/2020\/02\/condicions-legals.jpg\" \/>\n\t<meta property=\"og:image:width\" content=\"1200\" \/>\n\t<meta property=\"og:image:height\" content=\"628\" \/>\n\t<meta property=\"og:image:type\" content=\"image\/jpeg\" \/>\n<meta name=\"twitter:card\" content=\"summary\" \/>\n<meta name=\"twitter:title\" content=\"Condicions legals de la web de Tour SA missatgers i log\u00edsitca\" \/>\n<meta name=\"twitter:description\" content=\"Revisa les condicions legals de la web de Tour SA missatgers. Som una empresa de transport, missatgeria i log\u00edstica a Barcelona.\" \/>\n<meta name=\"twitter:image\" content=\"https:\/\/www.tour-sa.com\/wp-content\/uploads\/2020\/02\/condicions-legals.jpg\" \/>\n<meta name=\"twitter:label1\" content=\"Temps estimat de lectura\" \/>\n\t<meta name=\"twitter:data1\" content=\"8 minuts\" \/>\n<script type=\"application\/ld+json\" class=\"yoast-schema-graph\">{\"@context\":\"https:\/\/schema.org\",\"@graph\":[{\"@type\":\"Organization\",\"@id\":\"https:\/\/www.tour-sa.com\/#organization\",\"name\":\"Tour SA\",\"url\":\"https:\/\/www.tour-sa.com\/\",\"sameAs\":[],\"logo\":{\"@type\":\"ImageObject\",\"@id\":\"https:\/\/www.tour-sa.com\/#logo\",\"inLanguage\":\"ca\",\"url\":\"\",\"contentUrl\":\"\",\"caption\":\"Tour SA\"},\"image\":{\"@id\":\"https:\/\/www.tour-sa.com\/#logo\"}},{\"@type\":\"WebSite\",\"@id\":\"https:\/\/www.tour-sa.com\/#website\",\"url\":\"https:\/\/www.tour-sa.com\/\",\"name\":\"Tour SA\",\"description\":\"Missatgeria urgent, transport, log\u00edstica i distribuci\u00f3\",\"publisher\":{\"@id\":\"https:\/\/www.tour-sa.com\/#organization\"},\"potentialAction\":[{\"@type\":\"SearchAction\",\"target\":{\"@type\":\"EntryPoint\",\"urlTemplate\":\"https:\/\/www.tour-sa.com\/?s={search_term_string}\"},\"query-input\":\"required name=search_term_string\"}],\"inLanguage\":\"ca\"},{\"@type\":\"ImageObject\",\"@id\":\"https:\/\/www.tour-sa.com\/ca\/condicions-legals\/#primaryimage\",\"inLanguage\":\"ca\",\"url\":\"https:\/\/www.tour-sa.com\/wp-content\/uploads\/2020\/02\/condicions-legals.jpg\",\"contentUrl\":\"https:\/\/www.tour-sa.com\/wp-content\/uploads\/2020\/02\/condicions-legals.jpg\",\"width\":1200,\"height\":628,\"caption\":\"condicions legals\"},{\"@type\":\"WebPage\",\"@id\":\"https:\/\/www.tour-sa.com\/ca\/condicions-legals\/#webpage\",\"url\":\"https:\/\/www.tour-sa.com\/ca\/condicions-legals\/\",\"name\":\"Condicions legals de la web de Tour SA missatgers i log\u00edsitca\",\"isPartOf\":{\"@id\":\"https:\/\/www.tour-sa.com\/#website\"},\"primaryImageOfPage\":{\"@id\":\"https:\/\/www.tour-sa.com\/ca\/condicions-legals\/#primaryimage\"},\"datePublished\":\"2017-06-07T11:14:40+00:00\",\"dateModified\":\"2020-02-26T16:00:05+00:00\",\"description\":\"Revisa les condicions legals de la web de Tour SA missatgers. Som una empresa de transport, missatgeria i log\u00edstica a Barcelona.\",\"breadcrumb\":{\"@id\":\"https:\/\/www.tour-sa.com\/ca\/condicions-legals\/#breadcrumb\"},\"inLanguage\":\"ca\",\"potentialAction\":[{\"@type\":\"ReadAction\",\"target\":[\"https:\/\/www.tour-sa.com\/ca\/condicions-legals\/\"]}]},{\"@type\":\"BreadcrumbList\",\"@id\":\"https:\/\/www.tour-sa.com\/ca\/condicions-legals\/#breadcrumb\",\"itemListElement\":[{\"@type\":\"ListItem\",\"position\":1,\"name\":\"Portada\",\"item\":\"https:\/\/www.tour-sa.com\/ca\/\"},{\"@type\":\"ListItem\",\"position\":2,\"name\":\"Condicions Legals\"}]}]}<\/script>\n<!-- \/ Yoast SEO plugin. -->","yoast_head_json":{"title":"Condicions legals de la web de Tour SA missatgers i log\u00edsitca","description":"Revisa les condicions legals de la web de Tour SA missatgers. Som una empresa de transport, missatgeria i log\u00edstica a Barcelona.","robots":{"index":"index","follow":"follow","max-snippet":"max-snippet:-1","max-image-preview":"max-image-preview:large","max-video-preview":"max-video-preview:-1"},"canonical":"https:\/\/www.tour-sa.com\/ca\/condicions-legals\/","og_locale":"ca_ES","og_type":"article","og_title":"Condicions legals de la web de Tour SA missatgers i log\u00edsitca","og_description":"Revisa les condicions legals de la web de Tour SA missatgers. Som una empresa de transport, missatgeria i log\u00edstica a Barcelona.","og_url":"https:\/\/www.tour-sa.com\/ca\/condicions-legals\/","og_site_name":"Tour SA","article_modified_time":"2020-02-26T16:00:05+00:00","og_image":[{"width":1200,"height":628,"url":"https:\/\/www.tour-sa.com\/wp-content\/uploads\/2020\/02\/condicions-legals.jpg","type":"image\/jpeg"}],"twitter_card":"summary","twitter_title":"Condicions legals de la web de Tour SA missatgers i log\u00edsitca","twitter_description":"Revisa les condicions legals de la web de Tour SA missatgers. Som una empresa de transport, missatgeria i log\u00edstica a Barcelona.","twitter_image":"https:\/\/www.tour-sa.com\/wp-content\/uploads\/2020\/02\/condicions-legals.jpg","twitter_misc":{"Temps estimat de lectura":"8 minuts"},"schema":{"@context":"https:\/\/schema.org","@graph":[{"@type":"Organization","@id":"https:\/\/www.tour-sa.com\/#organization","name":"Tour SA","url":"https:\/\/www.tour-sa.com\/","sameAs":[],"logo":{"@type":"ImageObject","@id":"https:\/\/www.tour-sa.com\/#logo","inLanguage":"ca","url":"","contentUrl":"","caption":"Tour SA"},"image":{"@id":"https:\/\/www.tour-sa.com\/#logo"}},{"@type":"WebSite","@id":"https:\/\/www.tour-sa.com\/#website","url":"https:\/\/www.tour-sa.com\/","name":"Tour SA","description":"Missatgeria urgent, transport, log\u00edstica i distribuci\u00f3","publisher":{"@id":"https:\/\/www.tour-sa.com\/#organization"},"potentialAction":[{"@type":"SearchAction","target":{"@type":"EntryPoint","urlTemplate":"https:\/\/www.tour-sa.com\/?s={search_term_string}"},"query-input":"required name=search_term_string"}],"inLanguage":"ca"},{"@type":"ImageObject","@id":"https:\/\/www.tour-sa.com\/ca\/condicions-legals\/#primaryimage","inLanguage":"ca","url":"https:\/\/www.tour-sa.com\/wp-content\/uploads\/2020\/02\/condicions-legals.jpg","contentUrl":"https:\/\/www.tour-sa.com\/wp-content\/uploads\/2020\/02\/condicions-legals.jpg","width":1200,"height":628,"caption":"condicions legals"},{"@type":"WebPage","@id":"https:\/\/www.tour-sa.com\/ca\/condicions-legals\/#webpage","url":"https:\/\/www.tour-sa.com\/ca\/condicions-legals\/","name":"Condicions legals de la web de Tour SA missatgers i log\u00edsitca","isPartOf":{"@id":"https:\/\/www.tour-sa.com\/#website"},"primaryImageOfPage":{"@id":"https:\/\/www.tour-sa.com\/ca\/condicions-legals\/#primaryimage"},"datePublished":"2017-06-07T11:14:40+00:00","dateModified":"2020-02-26T16:00:05+00:00","description":"Revisa les condicions legals de la web de Tour SA missatgers. Som una empresa de transport, missatgeria i log\u00edstica a Barcelona.","breadcrumb":{"@id":"https:\/\/www.tour-sa.com\/ca\/condicions-legals\/#breadcrumb"},"inLanguage":"ca","potentialAction":[{"@type":"ReadAction","target":["https:\/\/www.tour-sa.com\/ca\/condicions-legals\/"]}]},{"@type":"BreadcrumbList","@id":"https:\/\/www.tour-sa.com\/ca\/condicions-legals\/#breadcrumb","itemListElement":[{"@type":"ListItem","position":1,"name":"Portada","item":"https:\/\/www.tour-sa.com\/ca\/"},{"@type":"ListItem","position":2,"name":"Condicions Legals"}]}]}},"_links":{"self":[{"href":"https:\/\/www.tour-sa.com\/ca\/wp-json\/wp\/v2\/pages\/2477"}],"collection":[{"href":"https:\/\/www.tour-sa.com\/ca\/wp-json\/wp\/v2\/pages"}],"about":[{"href":"https:\/\/www.tour-sa.com\/ca\/wp-json\/wp\/v2\/types\/page"}],"author":[{"embeddable":true,"href":"https:\/\/www.tour-sa.com\/ca\/wp-json\/wp\/v2\/users\/1"}],"replies":[{"embeddable":true,"href":"https:\/\/www.tour-sa.com\/ca\/wp-json\/wp\/v2\/comments?post=2477"}],"version-history":[{"count":0,"href":"https:\/\/www.tour-sa.com\/ca\/wp-json\/wp\/v2\/pages\/2477\/revisions"}],"wp:featuredmedia":[{"embeddable":true,"href":"https:\/\/www.tour-sa.com\/ca\/wp-json\/wp\/v2\/media\/3507"}],"wp:attachment":[{"href":"https:\/\/www.tour-sa.com\/ca\/wp-json\/wp\/v2\/media?parent=2477"}],"curies":[{"name":"wp","href":"https:\/\/api.w.org\/{rel}","templated":true}]}}