{"id":2467,"date":"2017-06-07T11:34:07","date_gmt":"2017-06-07T11:34:07","guid":{"rendered":"https:\/\/www.tour-sa.com\/politica-de-cookies\/"},"modified":"2020-10-08T14:09:41","modified_gmt":"2020-10-08T12:09:41","slug":"politica-de-cookies","status":"publish","type":"page","link":"https:\/\/www.tour-sa.com\/ca\/politica-de-cookies\/","title":{"rendered":"Pol\u00edtica de Cookies"},"content":{"rendered":"<p>[et_pb_section fb_built=&#8221;1&#8243; _builder_version=&#8221;3.22&#8243;][et_pb_row _builder_version=&#8221;3.25&#8243; background_size=&#8221;initial&#8221; background_position=&#8221;top_left&#8221; background_repeat=&#8221;repeat&#8221;][et_pb_column type=&#8221;4_4&#8243; _builder_version=&#8221;3.25&#8243; custom_padding=&#8221;|||&#8221; custom_padding__hover=&#8221;|||&#8221;][et_pb_text _builder_version=&#8221;4.0.9&#8243; background_size=&#8221;initial&#8221; background_position=&#8221;top_left&#8221; background_repeat=&#8221;repeat&#8221; text_orientation=&#8221;center&#8221; module_alignment=&#8221;center&#8221; hover_enabled=&#8221;0&#8243; use_border_color=&#8221;off&#8221; border_color=&#8221;#ffffff&#8221; border_style=&#8221;solid&#8221;]<\/p>\n<h1>Pol\u00edtica de Cookies<\/h1>\n<p>[\/et_pb_text][et_pb_text _builder_version=&#8221;4.5.2&#8243; background_size=&#8221;initial&#8221; background_position=&#8221;top_left&#8221; background_repeat=&#8221;repeat&#8221; hover_enabled=&#8221;0&#8243; use_border_color=&#8221;off&#8221;]<\/p>\n<div class=\"cli_user_consent_state\">El seu estat actual: No s'ha donat consentiment. <a class=\"cli_manage_current_consent\" style=\"cursor:pointer;text-decoration:underline;\">Gestiona el teu consentiment.<\/a> <\/div>\n<p><strong>Qu\u00e8 s\u00f3n les cookies?<\/strong><\/p>\n<p>Una cookie \u00e9s un fitxer que es descarrega al seu ordinador en accedir a determinades p\u00e0gines web. Les cookies permeten a una p\u00e0gina web, entre altres coses, emmagatzemar i recuperar informaci\u00f3 sobre h\u00e0bits de navegaci\u00f3 d&#8217;un usuari o del seu equip i, depenent de la informaci\u00f3 que continguin i de la forma que utilitzi el seu equip, es poden utilitzar per recon\u00e8ixer a l&#8217;usuari.<\/p>\n<p><strong>Per a qu\u00e8 utilitza les\u00a0cookies\u00a0aquesta p\u00e0gina web i quins s\u00f3n?<\/strong><\/p>\n<p>Aquesta p\u00e0gina web utilitza les cookies per a una s\u00e8rie de finalitats, incloses:<\/p>\n<ul>\n<li>An\u00e0lisi: s\u00f3n aquelles cookies que b\u00e9, tractades per nosaltres o per tercers, ens permeten quantificar el nombre d&#8217;usuaris i aix\u00ed realitzar el mesurament i an\u00e0lisi estad\u00edstica de la utilitzaci\u00f3 que fan els usuaris del servei. Per aix\u00f2 s&#8217;analitza la seva navegaci\u00f3 a la nostra p\u00e0gina web per tal de millorar l&#8217;experi\u00e8ncia de l&#8217;usuari.<\/li>\n<\/ul>\n<p>El detall de les\u00a0cookies\u00a0utilitzades en aquesta p\u00e0gina web \u00e9s el seg\u00fcent:<\/p>\n<table>\n<tbody>\n<tr>\n<td width=\"60\"><strong>Cookies<\/strong><\/td>\n<td width=\"78\"><strong>Nom<\/strong><\/td>\n<td width=\"72\"><strong>Tipus<\/strong><\/td>\n<td width=\"240\"><strong>Prop\u00f2sit<\/strong><\/td>\n<td width=\"150\"><strong>M\u00e9s informaci\u00f3<\/strong><\/td>\n<\/tr>\n<tr>\n<td width=\"0\">__utma __utmb __utmc __utmz _ga _gat<\/td>\n<td width=\"0\">Google Analytics<\/td>\n<td width=\"0\">De tercers<\/td>\n<td width=\"0\">Recollir informaci\u00f3 sobre la navegaci\u00f3 dels usuaris pel lloc per tal de con\u00e8ixer l&#8217;origen de les visites i altres dades similars\u00a0en l&#8217;\u00e0mbit estad\u00edstic. No obt\u00e9 dades dels noms o cognoms dels usuaris ni de l&#8217;adre\u00e7a postal concreta des d&#8217;on es connecten<\/td>\n<td width=\"0\">Google Analytics Centre de privadesa de Google: http:\/\/www.google.com\/intl\/es\/policies\/privacy\/<\/td>\n<\/tr>\n<\/tbody>\n<\/table>\n<p>&nbsp;<\/p>\n<p>Nota: Las cookies de tipus &#8220;pr\u00f2pies&#8221; s\u00f3n utilitzades nom\u00e9s pel propietari d&#8217;aquesta web i les galetes de tercers s\u00f3n utilitzades, pel prestador del servei que est\u00e0 detallat en el quadre anterior.<\/p>\n<p><strong>Com puc desactivar o eliminar aquestes galetes?<\/strong><\/p>\n<p>Pot vost\u00e8 permetre, bloquejar o eliminar les cookies instal\u00b7lades en el seu equip mitjan\u00e7ant la configuraci\u00f3 de les opcions del navegador en el vostre ordinador:<\/p>\n<p><strong>Firefox<\/strong><\/p>\n<p><a href=\"http:\/\/support.mozilla.org\/es\/kb\/habilitar-y-deshabilitar-cookies-que-los-sitios-we\">http:\/\/support.mozilla.org\/es\/kb\/habilitar-y-deshabilitar-cookies-que-los-sitios-we<\/a><\/p>\n<p><strong>Chrome<\/strong><\/p>\n<p><a href=\"http:\/\/support.google.com\/chrome\/bin\/answer.py?hl=es&amp;answer=95647\">http:\/\/support.google.com\/chrome\/bin\/answer.py?hl=es&amp;answer=95647<\/a><\/p>\n<p><strong>Explorer<\/strong><\/p>\n<p><a href=\"http:\/\/windows.microsoft.com\/es-es\/windows7\/how-to-manage-cookies-in-internet-explorer-9\">http:\/\/windows.microsoft.com\/es-es\/windows7\/how-to-manage-cookies-in-internet-explorer-9<\/a><\/p>\n<p><strong>Safari<\/strong><\/p>\n<p><a href=\"http:\/\/support.apple.com\/kb\/ph5042\">http:\/\/support.apple.com\/kb\/ph5042<\/a><\/p>\n<p><strong>Opera<\/strong><\/p>\n<p><a href=\"http:\/\/help.opera.com\/Windows\/11.50\/es-ES\/cookies.html\">http:\/\/help.opera.com\/Windows\/11.50\/es-ES\/cookies.html<\/a><\/p>\n<p><strong>Altres navegadors<\/strong><\/p>\n<p>Consulteu la documentaci\u00f3\u00a0del\u00a0navegador que tingui instal\u00b7lat.<\/p>\n<p><strong>Complement d&#8217;inhabilitaci\u00f3 per a navegadors de Google Analytics<\/strong><\/p>\n<p>Si voleu rebutjar les cookies anal\u00edtiques de Google Analytics en tots els navegadors, de manera que no s&#8217;envi\u00ef informaci\u00f3 seva a Google Analytics, pot descarregar un complement que realitza aquesta funci\u00f3 des d&#8217;aquest enlla\u00e7: <a href=\"https:\/\/tools.google.com\/dlpage\/gaoptout\">https:\/\/tools.google.com\/dlpage\/gaoptout.<\/a><\/p>\n<p>[\/et_pb_text][\/et_pb_column][\/et_pb_row][\/et_pb_section]<\/p>\n","protected":false},"excerpt":{"rendered":"<p>[et_pb_section fb_built=&#8221;1&#8243; _builder_version=&#8221;3.22&#8243;][et_pb_row _builder_version=&#8221;3.25&#8243; background_size=&#8221;initial&#8221; background_position=&#8221;top_left&#8221; background_repeat=&#8221;repeat&#8221;][et_pb_column type=&#8221;4_4&#8243; _builder_version=&#8221;3.25&#8243; custom_padding=&#8221;|||&#8221; custom_padding__hover=&#8221;|||&#8221;][et_pb_text _builder_version=&#8221;4.0.9&#8243; background_size=&#8221;initial&#8221; background_position=&#8221;top_left&#8221; background_repeat=&#8221;repeat&#8221; text_orientation=&#8221;center&#8221; module_alignment=&#8221;center&#8221; hover_enabled=&#8221;0&#8243; use_border_color=&#8221;off&#8221; border_color=&#8221;#ffffff&#8221; border_style=&#8221;solid&#8221;] Pol\u00edtica de Cookies [\/et_pb_text][et_pb_text _builder_version=&#8221;4.5.2&#8243; background_size=&#8221;initial&#8221; background_position=&#8221;top_left&#8221; background_repeat=&#8221;repeat&#8221; hover_enabled=&#8221;0&#8243; use_border_color=&#8221;off&#8221;] Qu\u00e8 s\u00f3n les cookies? Una cookie \u00e9s un fitxer que es descarrega al seu ordinador en accedir a determinades p\u00e0gines web. Les cookies permeten [&hellip;]<\/p>\n","protected":false},"author":1,"featured_media":3514,"parent":0,"menu_order":0,"comment_status":"closed","ping_status":"closed","template":"","meta":{"_et_pb_use_builder":"on","_et_pb_old_content":"","_et_gb_content_width":""},"yoast_head":"<!-- This site is optimized with the Yoast SEO plugin v18.4.1 - https:\/\/yoast.com\/wordpress\/plugins\/seo\/ -->\n<title>Pol\u00edtica de Cookies de la web de Tour SA missatgers<\/title>\n<meta name=\"description\" content=\"Pol\u00edtica de cookies del web de la empresa de missatgeria i log\u00edstica Tour SA. Volem ser transparents amb els nostres usuaris.\" \/>\n<meta name=\"robots\" content=\"index, follow, max-snippet:-1, max-image-preview:large, max-video-preview:-1\" \/>\n<link rel=\"canonical\" href=\"https:\/\/www.tour-sa.com\/ca\/politica-de-cookies\/\" \/>\n<meta property=\"og:locale\" content=\"ca_ES\" \/>\n<meta property=\"og:type\" content=\"article\" \/>\n<meta property=\"og:title\" content=\"Pol\u00edtica de Cookies de la web de Tour SA missatgers\" \/>\n<meta property=\"og:description\" content=\"Pol\u00edtica de cookies del web de la empresa de missatgeria i log\u00edstica Tour SA. Volem ser transparents amb els nostres usuaris.\" \/>\n<meta property=\"og:url\" content=\"https:\/\/www.tour-sa.com\/ca\/politica-de-cookies\/\" \/>\n<meta property=\"og:site_name\" content=\"Tour SA\" \/>\n<meta property=\"article:modified_time\" content=\"2020-10-08T12:09:41+00:00\" \/>\n<meta property=\"og:image\" content=\"https:\/\/www.tour-sa.com\/wp-content\/uploads\/2020\/02\/politica-cookies.jpg\" \/>\n\t<meta property=\"og:image:width\" content=\"1200\" \/>\n\t<meta property=\"og:image:height\" content=\"628\" \/>\n\t<meta property=\"og:image:type\" content=\"image\/jpeg\" \/>\n<meta name=\"twitter:card\" content=\"summary\" \/>\n<meta name=\"twitter:title\" content=\"Pol\u00edtica de Cookies de la web de Tour SA missatgers\" \/>\n<meta name=\"twitter:description\" content=\"Pol\u00edtica de cookies del web de la empresa de missatgeria i log\u00edstica Tour SA. Volem ser transparents amb els nostres usuaris.\" \/>\n<meta name=\"twitter:image\" content=\"https:\/\/www.tour-sa.com\/wp-content\/uploads\/2020\/02\/politica-cookies.jpg\" \/>\n<meta name=\"twitter:label1\" content=\"Temps estimat de lectura\" \/>\n\t<meta name=\"twitter:data1\" content=\"3 minuts\" \/>\n<script type=\"application\/ld+json\" class=\"yoast-schema-graph\">{\"@context\":\"https:\/\/schema.org\",\"@graph\":[{\"@type\":\"Organization\",\"@id\":\"https:\/\/www.tour-sa.com\/#organization\",\"name\":\"Tour SA\",\"url\":\"https:\/\/www.tour-sa.com\/\",\"sameAs\":[],\"logo\":{\"@type\":\"ImageObject\",\"@id\":\"https:\/\/www.tour-sa.com\/#logo\",\"inLanguage\":\"ca\",\"url\":\"\",\"contentUrl\":\"\",\"caption\":\"Tour SA\"},\"image\":{\"@id\":\"https:\/\/www.tour-sa.com\/#logo\"}},{\"@type\":\"WebSite\",\"@id\":\"https:\/\/www.tour-sa.com\/#website\",\"url\":\"https:\/\/www.tour-sa.com\/\",\"name\":\"Tour SA\",\"description\":\"Missatgeria urgent, transport, log\u00edstica i distribuci\u00f3\",\"publisher\":{\"@id\":\"https:\/\/www.tour-sa.com\/#organization\"},\"potentialAction\":[{\"@type\":\"SearchAction\",\"target\":{\"@type\":\"EntryPoint\",\"urlTemplate\":\"https:\/\/www.tour-sa.com\/?s={search_term_string}\"},\"query-input\":\"required name=search_term_string\"}],\"inLanguage\":\"ca\"},{\"@type\":\"ImageObject\",\"@id\":\"https:\/\/www.tour-sa.com\/ca\/politica-de-cookies\/#primaryimage\",\"inLanguage\":\"ca\",\"url\":\"https:\/\/www.tour-sa.com\/wp-content\/uploads\/2020\/02\/politica-cookies.jpg\",\"contentUrl\":\"https:\/\/www.tour-sa.com\/wp-content\/uploads\/2020\/02\/politica-cookies.jpg\",\"width\":1200,\"height\":628,\"caption\":\"pol\u00edtica cookies\"},{\"@type\":\"WebPage\",\"@id\":\"https:\/\/www.tour-sa.com\/ca\/politica-de-cookies\/#webpage\",\"url\":\"https:\/\/www.tour-sa.com\/ca\/politica-de-cookies\/\",\"name\":\"Pol\u00edtica de Cookies de la web de Tour SA missatgers\",\"isPartOf\":{\"@id\":\"https:\/\/www.tour-sa.com\/#website\"},\"primaryImageOfPage\":{\"@id\":\"https:\/\/www.tour-sa.com\/ca\/politica-de-cookies\/#primaryimage\"},\"datePublished\":\"2017-06-07T11:34:07+00:00\",\"dateModified\":\"2020-10-08T12:09:41+00:00\",\"description\":\"Pol\u00edtica de cookies del web de la empresa de missatgeria i log\u00edstica Tour SA. Volem ser transparents amb els nostres usuaris.\",\"breadcrumb\":{\"@id\":\"https:\/\/www.tour-sa.com\/ca\/politica-de-cookies\/#breadcrumb\"},\"inLanguage\":\"ca\",\"potentialAction\":[{\"@type\":\"ReadAction\",\"target\":[\"https:\/\/www.tour-sa.com\/ca\/politica-de-cookies\/\"]}]},{\"@type\":\"BreadcrumbList\",\"@id\":\"https:\/\/www.tour-sa.com\/ca\/politica-de-cookies\/#breadcrumb\",\"itemListElement\":[{\"@type\":\"ListItem\",\"position\":1,\"name\":\"Portada\",\"item\":\"https:\/\/www.tour-sa.com\/ca\/\"},{\"@type\":\"ListItem\",\"position\":2,\"name\":\"Pol\u00edtica de Cookies\"}]}]}<\/script>\n<!-- \/ Yoast SEO plugin. -->","yoast_head_json":{"title":"Pol\u00edtica de Cookies de la web de Tour SA missatgers","description":"Pol\u00edtica de cookies del web de la empresa de missatgeria i log\u00edstica Tour SA. Volem ser transparents amb els nostres usuaris.","robots":{"index":"index","follow":"follow","max-snippet":"max-snippet:-1","max-image-preview":"max-image-preview:large","max-video-preview":"max-video-preview:-1"},"canonical":"https:\/\/www.tour-sa.com\/ca\/politica-de-cookies\/","og_locale":"ca_ES","og_type":"article","og_title":"Pol\u00edtica de Cookies de la web de Tour SA missatgers","og_description":"Pol\u00edtica de cookies del web de la empresa de missatgeria i log\u00edstica Tour SA. Volem ser transparents amb els nostres usuaris.","og_url":"https:\/\/www.tour-sa.com\/ca\/politica-de-cookies\/","og_site_name":"Tour SA","article_modified_time":"2020-10-08T12:09:41+00:00","og_image":[{"width":1200,"height":628,"url":"https:\/\/www.tour-sa.com\/wp-content\/uploads\/2020\/02\/politica-cookies.jpg","type":"image\/jpeg"}],"twitter_card":"summary","twitter_title":"Pol\u00edtica de Cookies de la web de Tour SA missatgers","twitter_description":"Pol\u00edtica de cookies del web de la empresa de missatgeria i log\u00edstica Tour SA. Volem ser transparents amb els nostres usuaris.","twitter_image":"https:\/\/www.tour-sa.com\/wp-content\/uploads\/2020\/02\/politica-cookies.jpg","twitter_misc":{"Temps estimat de lectura":"3 minuts"},"schema":{"@context":"https:\/\/schema.org","@graph":[{"@type":"Organization","@id":"https:\/\/www.tour-sa.com\/#organization","name":"Tour SA","url":"https:\/\/www.tour-sa.com\/","sameAs":[],"logo":{"@type":"ImageObject","@id":"https:\/\/www.tour-sa.com\/#logo","inLanguage":"ca","url":"","contentUrl":"","caption":"Tour SA"},"image":{"@id":"https:\/\/www.tour-sa.com\/#logo"}},{"@type":"WebSite","@id":"https:\/\/www.tour-sa.com\/#website","url":"https:\/\/www.tour-sa.com\/","name":"Tour SA","description":"Missatgeria urgent, transport, log\u00edstica i distribuci\u00f3","publisher":{"@id":"https:\/\/www.tour-sa.com\/#organization"},"potentialAction":[{"@type":"SearchAction","target":{"@type":"EntryPoint","urlTemplate":"https:\/\/www.tour-sa.com\/?s={search_term_string}"},"query-input":"required name=search_term_string"}],"inLanguage":"ca"},{"@type":"ImageObject","@id":"https:\/\/www.tour-sa.com\/ca\/politica-de-cookies\/#primaryimage","inLanguage":"ca","url":"https:\/\/www.tour-sa.com\/wp-content\/uploads\/2020\/02\/politica-cookies.jpg","contentUrl":"https:\/\/www.tour-sa.com\/wp-content\/uploads\/2020\/02\/politica-cookies.jpg","width":1200,"height":628,"caption":"pol\u00edtica cookies"},{"@type":"WebPage","@id":"https:\/\/www.tour-sa.com\/ca\/politica-de-cookies\/#webpage","url":"https:\/\/www.tour-sa.com\/ca\/politica-de-cookies\/","name":"Pol\u00edtica de Cookies de la web de Tour SA missatgers","isPartOf":{"@id":"https:\/\/www.tour-sa.com\/#website"},"primaryImageOfPage":{"@id":"https:\/\/www.tour-sa.com\/ca\/politica-de-cookies\/#primaryimage"},"datePublished":"2017-06-07T11:34:07+00:00","dateModified":"2020-10-08T12:09:41+00:00","description":"Pol\u00edtica de cookies del web de la empresa de missatgeria i log\u00edstica Tour SA. Volem ser transparents amb els nostres usuaris.","breadcrumb":{"@id":"https:\/\/www.tour-sa.com\/ca\/politica-de-cookies\/#breadcrumb"},"inLanguage":"ca","potentialAction":[{"@type":"ReadAction","target":["https:\/\/www.tour-sa.com\/ca\/politica-de-cookies\/"]}]},{"@type":"BreadcrumbList","@id":"https:\/\/www.tour-sa.com\/ca\/politica-de-cookies\/#breadcrumb","itemListElement":[{"@type":"ListItem","position":1,"name":"Portada","item":"https:\/\/www.tour-sa.com\/ca\/"},{"@type":"ListItem","position":2,"name":"Pol\u00edtica de Cookies"}]}]}},"_links":{"self":[{"href":"https:\/\/www.tour-sa.com\/ca\/wp-json\/wp\/v2\/pages\/2467"}],"collection":[{"href":"https:\/\/www.tour-sa.com\/ca\/wp-json\/wp\/v2\/pages"}],"about":[{"href":"https:\/\/www.tour-sa.com\/ca\/wp-json\/wp\/v2\/types\/page"}],"author":[{"embeddable":true,"href":"https:\/\/www.tour-sa.com\/ca\/wp-json\/wp\/v2\/users\/1"}],"replies":[{"embeddable":true,"href":"https:\/\/www.tour-sa.com\/ca\/wp-json\/wp\/v2\/comments?post=2467"}],"version-history":[{"count":0,"href":"https:\/\/www.tour-sa.com\/ca\/wp-json\/wp\/v2\/pages\/2467\/revisions"}],"wp:featuredmedia":[{"embeddable":true,"href":"https:\/\/www.tour-sa.com\/ca\/wp-json\/wp\/v2\/media\/3514"}],"wp:attachment":[{"href":"https:\/\/www.tour-sa.com\/ca\/wp-json\/wp\/v2\/media?parent=2467"}],"curies":[{"name":"wp","href":"https:\/\/api.w.org\/{rel}","templated":true}]}}